{"id":11,"date":"2025-12-30T11:35:36","date_gmt":"2025-12-30T11:35:36","guid":{"rendered":"https:\/\/roenning.no\/?page_id=11"},"modified":"2025-12-30T18:09:12","modified_gmt":"2025-12-30T18:09:12","slug":"o-ronning-kontor-og-data","status":"publish","type":"page","link":"https:\/\/roenning.no\/","title":{"rendered":"O. R\u00f8nning Kontor og Data"},"content":{"rendered":"\n\n\n\n\n\n\n\n\n\n\n\n\n\n\n\n\n\n\n\n\n\n\n\n\n\n\n\n\n\n\n\n\n\n\n\n\n\n\n\n\n\n\n\n\n\n\n\n\n\n\n\n\n\n\n\n\n\n\n\n\n\n\n\n\n\n\n\n\n\n\n\n\n\n\n\n\n\n\n\n\n\n\n\n\n\n\n\n\n\n\n\n\n\n\n\n\n\n\n\n\n\n\n\n\n\n\n\n\n\n\n\n\n\n\n\n\n\n\n\n\n\n\n\n\n\n\n\n\n\n\n\n\n\n\n\n\n\n\n\n\n\n\n\n\n\n\n\n\n\n\n\n\n\n\n\n\n\n\n\n\n\n\n\n\n\n\n\n\n\n\n\n\n\n\n\n\n\n\n\n","protected":false},"excerpt":{"rendered":"<p>Din lokale totalleverand\u00f8r av kontorm\u00f8bler, datautstyr og multimaskiner p\u00e5 Helgeland. Vi tilbyr salg, leasing og service med over 30 \u00e5rs erfaring.<\/p>\n","protected":false},"author":1,"featured_media":8,"parent":0,"menu_order":0,"comment_status":"closed","ping_status":"closed","template":"","meta":{"footnotes":""},"class_list":["post-11","page","type-page","status-publish","has-post-thumbnail","hentry"],"_links":{"self":[{"href":"https:\/\/roenning.no\/index.php?rest_route=\/wp\/v2\/pages\/11","targetHints":{"allow":["GET"]}}],"collection":[{"href":"https:\/\/roenning.no\/index.php?rest_route=\/wp\/v2\/pages"}],"about":[{"href":"https:\/\/roenning.no\/index.php?rest_route=\/wp\/v2\/types\/page"}],"author":[{"embeddable":true,"href":"https:\/\/roenning.no\/index.php?rest_route=\/wp\/v2\/users\/1"}],"replies":[{"embeddable":true,"href":"https:\/\/roenning.no\/index.php?rest_route=%2Fwp%2Fv2%2Fcomments&post=11"}],"version-history":[{"count":10,"href":"https:\/\/roenning.no\/index.php?rest_route=\/wp\/v2\/pages\/11\/revisions"}],"predecessor-version":[{"id":69,"href":"https:\/\/roenning.no\/index.php?rest_route=\/wp\/v2\/pages\/11\/revisions\/69"}],"wp:featuredmedia":[{"embeddable":true,"href":"https:\/\/roenning.no\/index.php?rest_route=\/wp\/v2\/media\/8"}],"wp:attachment":[{"href":"https:\/\/roenning.no\/index.php?rest_route=%2Fwp%2Fv2%2Fmedia&parent=11"}],"curies":[{"name":"wp","href":"https:\/\/api.w.org\/{rel}","templated":true}]}}